{"id":4025,"date":"2018-08-20T12:40:44","date_gmt":"2018-08-20T10:40:44","guid":{"rendered":"https:\/\/cella-magica.de\/?page_id=4025"},"modified":"2025-03-24T00:39:10","modified_gmt":"2025-03-23T22:39:10","slug":"divi_startseite","status":"publish","type":"page","link":"https:\/\/cella-magica.de\/","title":{"rendered":"Startseite"},"content":{"rendered":"<p>[et_pb_section fb_built=&#8220;1&#8243; fullwidth=&#8220;on&#8220; _builder_version=&#8220;4.16&#8243; background_image=&#8220;https:\/\/cella-magica.de\/wp-content\/uploads\/2013\/11\/IMG_0168_klein.png&#8220; parallax=&#8220;on&#8220; global_colors_info=&#8220;{}&#8220;][et_pb_fullwidth_header title=&#8220;Magische Momente in Clubatmosph\u00e4re &#8220; header_fullscreen=&#8220;on&#8220; header_scroll_down=&#8220;on&#8220; _builder_version=&#8220;4.16&#8243; title_font=&#8220;Times New Roman||||||||&#8220; background_color=&#8220;rgba(46,163,242,0)&#8220; text_shadow_style=&#8220;preset5&#8243; global_colors_info=&#8220;{}&#8220; button_one_text_size__hover_enabled=&#8220;off&#8220; button_two_text_size__hover_enabled=&#8220;off&#8220; button_one_text_color__hover_enabled=&#8220;off&#8220; button_two_text_color__hover_enabled=&#8220;off&#8220; button_one_border_width__hover_enabled=&#8220;off&#8220; button_two_border_width__hover_enabled=&#8220;off&#8220; button_one_border_color__hover_enabled=&#8220;off&#8220; button_two_border_color__hover_enabled=&#8220;off&#8220; button_one_border_radius__hover_enabled=&#8220;off&#8220; button_two_border_radius__hover_enabled=&#8220;off&#8220; button_one_letter_spacing__hover_enabled=&#8220;off&#8220; button_two_letter_spacing__hover_enabled=&#8220;off&#8220; button_one_bg_color__hover_enabled=&#8220;off&#8220; button_two_bg_color__hover_enabled=&#8220;off&#8220;]<\/p>\n<h5>\u00a0<\/h5>\n<h5>2013-2023 &#8222;10 Jahre Cella-Magica&#8220;<\/h5>\n<p>&nbsp;<\/p>\n<h3>&#8222;Magischer Ort&#8220; &#8211; Offizielle Auszeichnung vom MZvD<\/h3>\n<p>[\/et_pb_fullwidth_header][\/et_pb_section][et_pb_section fb_built=&#8220;1&#8243; _builder_version=&#8220;4.16&#8243; background_image=&#8220;https:\/\/cella-magica.de\/wp-content\/uploads\/2018\/08\/City-no-bar-grunge.jpg&#8220; parallax=&#8220;on&#8220; parallax_method=&#8220;off&#8220; global_colors_info=&#8220;{}&#8220;][et_pb_row _builder_version=&#8220;4.16&#8243; background_size=&#8220;initial&#8220; background_position=&#8220;top_left&#8220; background_repeat=&#8220;repeat&#8220; global_colors_info=&#8220;{}&#8220;][et_pb_column type=&#8220;4_4&#8243; _builder_version=&#8220;4.16&#8243; custom_padding=&#8220;|||&#8220; global_colors_info=&#8220;{}&#8220; custom_padding__hover=&#8220;|||&#8220;][et_pb_divider color=&#8220;rgba(46,163,242,0)&#8220; _builder_version=&#8220;4.16&#8243; global_colors_info=&#8220;{}&#8220;][\/et_pb_divider][et_pb_text _builder_version=&#8220;4.27.4&#8243; text_text_color=&#8220;#ffffff&#8220; header_4_text_color=&#8220;#ffffff&#8220; hover_enabled=&#8220;0&#8243; global_colors_info=&#8220;{}&#8220; sticky_enabled=&#8220;0&#8243;]<\/p>\n<h4>Willkommen im Cella Magica Bielefeld!<\/h4>\n<p>Bielefeld einziges Zaubertheater.<\/p>\n<p>Der magischer Keller ist ein kleines Theater in privatem Besitz. Regelm\u00e4\u00dfig \u00f6ffnen wir unsere T\u00fcren und pr\u00e4sentieren vor zauberbegeisterten G\u00e4sten magische Unterhaltung.<br \/>Der Cella-Magica bietet bis zu 30 Personen Platz, dadurch herrscht immer eine gem\u00fctliche Clubatmosph\u00e4re.<\/p>\n<p>Ein wahrlich &#8222;Magischer Ort&#8220;, denn so darf sich das Theater seit 2023 offiziell nennen. Diese Bezeichnung wird vom &#8222;Magischen Zirkel von Deutschland&#8220; verliehen, um auch nach au\u00dfen zu zeigen, dass hier hohe Qualit\u00e4t an Unterhaltung geboten wird. Bekannte und unbekannte Magier pr\u00e4sentieren hier ihre hohe Kunst auf einer kleinen B\u00fchne.<br \/>Mal humorvoll und kom\u00f6diantisch, mal bizarr und mystisch \u2013 f\u00fcr jeden Geschmack ist etwas dabei.<\/p>\n<p>Die abendf\u00fcllenden Programme sind f\u00fcr Kinder unter 12 Jahren nicht geeignet.<\/p>\n<p>Da unser Theater nicht kommerziell genutzt wird, nehmen wir keinen Eintritt.<br \/>Die Cella-Magica-Abende sind privat und man wird pers\u00f6nlich per E-Mail eingeladen und auf eine G\u00e4steliste gesetzt.<\/p>\n<p>Wir bitten am Ende des Abends um eine Spende in unserem Hut. Damit Sie eine ungef\u00e4hre Idee \u00fcber die H\u00f6he der Spende bekommen, erwarten wir einen Obolus von 15,- \u20ac pro Person. Das Hutgeld geht 1:1 an die K\u00fcnstler. Nur so k\u00f6nnen wir auch weiterhin tolle Magier f\u00fcr Sie engagieren.<\/p>\n<p>Dank Ihrer Unterst\u00fctzung und das damit verbundene Vertrauen, k\u00f6nnen wir bereits seit \u00fcber 12 Jahren das Theater betreiben. Danke daf\u00fcr!<\/p>\n<p>Um Eintrittskarten zu bestellen, nutzen Sie bitte den Kontaktbutton und geben Sie unbedingt das Datum des gew\u00fcnschten Events an.<\/p>\n<p>Vor Beginn der Show und w\u00e4hrend der Pause steht f\u00fcr Sie eine kleine Auswahl an Getr\u00e4nken bereit.<\/p>\n<p><strong>Lutz Ermshaus kann man als Zauberk\u00fcnstler buchen: <a href=\"https:\/\/lutz-ermshaus.de\/\">www.lutz-ermshaus.de<\/a><\/strong><\/p>\n<p>[\/et_pb_text][\/et_pb_column][\/et_pb_row][\/et_pb_section]<\/p>\n","protected":false},"excerpt":{"rendered":"<p>\u00a0 2013-2023 &#8222;10 Jahre Cella-Magica&#8220; &nbsp; &#8222;Magischer Ort&#8220; &#8211; Offizielle Auszeichnung vom MZvDWillkommen im Cella Magica Bielefeld! Bielefeld einziges Zaubertheater. Der magischer Keller ist ein kleines Theater in privatem Besitz. Regelm\u00e4\u00dfig \u00f6ffnen wir unsere T\u00fcren und pr\u00e4sentieren vor zauberbegeisterten G\u00e4sten magische Unterhaltung.Der Cella-Magica bietet bis zu 30 Personen Platz, dadurch herrscht immer eine gem\u00fctliche Clubatmosph\u00e4re. [&hellip;]<\/p>\n","protected":false},"author":3,"featured_media":0,"parent":0,"menu_order":0,"comment_status":"closed","ping_status":"closed","template":"","meta":{"_et_pb_use_builder":"on","_et_pb_old_content":"","_et_gb_content_width":"","footnotes":""},"class_list":["post-4025","page","type-page","status-publish","hentry"],"_links":{"self":[{"href":"https:\/\/cella-magica.de\/index.php?rest_route=\/wp\/v2\/pages\/4025","targetHints":{"allow":["GET"]}}],"collection":[{"href":"https:\/\/cella-magica.de\/index.php?rest_route=\/wp\/v2\/pages"}],"about":[{"href":"https:\/\/cella-magica.de\/index.php?rest_route=\/wp\/v2\/types\/page"}],"author":[{"embeddable":true,"href":"https:\/\/cella-magica.de\/index.php?rest_route=\/wp\/v2\/users\/3"}],"replies":[{"embeddable":true,"href":"https:\/\/cella-magica.de\/index.php?rest_route=%2Fwp%2Fv2%2Fcomments&post=4025"}],"version-history":[{"count":65,"href":"https:\/\/cella-magica.de\/index.php?rest_route=\/wp\/v2\/pages\/4025\/revisions"}],"predecessor-version":[{"id":5789,"href":"https:\/\/cella-magica.de\/index.php?rest_route=\/wp\/v2\/pages\/4025\/revisions\/5789"}],"wp:attachment":[{"href":"https:\/\/cella-magica.de\/index.php?rest_route=%2Fwp%2Fv2%2Fmedia&parent=4025"}],"curies":[{"name":"wp","href":"https:\/\/api.w.org\/{rel}","templated":true}]}}